{"id":26,"date":"2020-08-17T12:30:46","date_gmt":"2020-08-17T10:30:46","guid":{"rendered":"http:\/\/wordpress2031416.home.pl\/autoinstalator\/wordpressplus\/?page_id=26"},"modified":"2025-09-15T12:53:38","modified_gmt":"2025-09-15T10:53:38","slug":"strona-glowna","status":"publish","type":"page","link":"https:\/\/krzywylas.pl\/","title":{"rendered":"Zagadka Krzywego Lasu"},"content":{"rendered":"\n<p><strong>Na dzie\u0144 dobry obejrzyj nasze wideo \ud83d\ude42<\/strong><\/p>\n\n\n\n<figure class=\"wp-block-embed is-type-video is-provider-youtube wp-block-embed-youtube wp-embed-aspect-16-9 wp-has-aspect-ratio\"><div class=\"wp-block-embed__wrapper\">\n<iframe loading=\"lazy\" title=\"GRYFINO: Krzywy Las i jego zagadka [PL]\" width=\"525\" height=\"295\" src=\"https:\/\/www.youtube.com\/embed\/n-cvnXW9LE0?feature=oembed\" frameborder=\"0\" allow=\"accelerometer; autoplay; clipboard-write; encrypted-media; gyroscope; picture-in-picture; web-share\" referrerpolicy=\"strict-origin-when-cross-origin\" allowfullscreen><\/iframe>\n<\/div><\/figure>\n\n\n\n<p><\/p>\n\n\n\n<p><strong>A teraz par\u0119 przydatnych dla Ciebie informacji<\/strong>:<\/p>\n\n\n\n<p>Krzywy Las le\u017cy w Nowym Czarnowie w gminie Gryfino, w pobli\u017cu Doliny Dolnej Odry i Elektrowni &#8222;Dolna Odra&#8221;. Gospodarzem terenu s\u0105 Lasy Pa\u0144stwowe.<\/p>\n\n\n\n<p><a href=\"https:\/\/krzywylas.pl\/?page_id=27\">Krzywy Las to powierzchniowy pomnik przyrody<\/a>, kt\u00f3ry na swoim obszarze grupuje ok. 100 nietypowo uformowanych sosen (<a href=\"https:\/\/bit.ly\/32qfoMu\" data-type=\"URL\" data-id=\"https:\/\/bit.ly\/32qfoMu\" target=\"_blank\" rel=\"noreferrer noopener\">zobacz panoram\u0119 360<\/a>).<\/p>\n\n\n\n<p>Cho\u0107 posiada status pomnika przyrody, to przed zniszczeniem ochroni\u0107 go mo\u017ce przede wszystkim Twoje do niego podej\u015bcie. Jeste\u015bmy wdzi\u0119czni wszystkim, kt\u00f3rzy zwiedzaj\u0105 to miejsce z poczuciem szacunku dla przyrody \ud83d\udc9a<\/p>\n\n\n\n<p>W internecie mo\u017cna znale\u017a\u0107 wiele sensacyjnych teorii na temat Krzywego Lasu. Przyznajemy &#8211; s\u0105 interesuj\u0105ce i frapuj\u0105ce \ud83d\ude42 Ale znany jest spos\u00f3b jego powstania. <\/p>\n\n\n\n<p>Krzywy Las nie jest du\u017cy powierzchniowo. Mie\u015bci si\u0119 na obszarze zaledwie 0,5 ha. Kiedy\u015b charakterystycznie uformowanych sosen by\u0142o znacznie wi\u0119cej. Nadal jest to jednak na tyle wyj\u0105tkowe i osobliwe zjawisko, \u017ce warto je zobaczy\u0107.<\/p>\n\n\n\n<p>W ramach porozumienia Gminy Gryfino, Polskiej Grupy Energetycznej i Las\u00f3w Pa\u0144stwowych, Krzywy Las przeszed\u0142 proces rewitalizacji. Forma zwiedzania zosta\u0142a dostosowana  do wzrastaj\u0105cego ruchu turystycznego. Podj\u0119ta zosta\u0142a pr\u00f3ba zwi\u0119kszenia substancji materialnej Krzywego Lasu <a href=\"https:\/\/gryfino.pl\/chapter_289096.asp?soid=31CFB4CFB0D34F548B592F1514405531\" data-type=\"URL\" data-id=\"https:\/\/gryfino.pl\/chapter_289096.asp?soid=31CFB4CFB0D34F548B592F1514405531\">poprzez nasadzenia zast\u0119pcze<\/a>.<\/p>\n\n\n\n<p>Jak ju\u017c dotrzesz na miejsce &#8211; koniecznie opublikuj zdj\u0119cia w mediach spo\u0142eczno\u015bciowych z tagiem <strong>#KrzywyLas<\/strong> i podziel si\u0119 swoj\u0105 opini\u0105 na temat jego powstania. Mo\u017ce nie do ko\u0144ca jest tak, jak to nam si\u0119 wydaje&#8230; Polujemy na najciekawsze zdj\u0119cia i teorie \ud83d\ude0a Do zobaczenia w gminie Gryfino! \ud83d\udc4b\ud83c\udffb\ud83d\udc4b\ud83c\udffb\ud83d\udc4b\ud83c\udffb<\/p>\n","protected":false},"excerpt":{"rendered":"<p>Na dzie\u0144 dobry obejrzyj nasze wideo \ud83d\ude42 A teraz par\u0119 przydatnych dla Ciebie informacji: Krzywy Las le\u017cy w Nowym Czarnowie w gminie Gryfino, w pobli\u017cu Doliny Dolnej Odry i Elektrowni &#8222;Dolna Odra&#8221;. Gospodarzem terenu s\u0105 Lasy Pa\u0144stwowe. Krzywy Las to powierzchniowy pomnik przyrody, kt\u00f3ry na swoim obszarze grupuje ok. 100 nietypowo uformowanych sosen (zobacz panoram\u0119 &hellip; <\/p>\n<p class=\"link-more\"><a href=\"https:\/\/krzywylas.pl\/\" class=\"more-link\">Czytaj dalej<span class=\"screen-reader-text\"> Zagadka Krzywego Lasu<\/span><\/a><\/p>\n","protected":false},"author":1,"featured_media":0,"parent":0,"menu_order":0,"comment_status":"closed","ping_status":"closed","template":"","meta":{"_exactmetrics_skip_tracking":false,"_exactmetrics_sitenote_active":false,"_exactmetrics_sitenote_note":"","_exactmetrics_sitenote_category":0,"footnotes":""},"class_list":["post-26","page","type-page","status-publish","hentry"],"_links":{"self":[{"href":"https:\/\/krzywylas.pl\/index.php?rest_route=\/wp\/v2\/pages\/26","targetHints":{"allow":["GET"]}}],"collection":[{"href":"https:\/\/krzywylas.pl\/index.php?rest_route=\/wp\/v2\/pages"}],"about":[{"href":"https:\/\/krzywylas.pl\/index.php?rest_route=\/wp\/v2\/types\/page"}],"author":[{"embeddable":true,"href":"https:\/\/krzywylas.pl\/index.php?rest_route=\/wp\/v2\/users\/1"}],"replies":[{"embeddable":true,"href":"https:\/\/krzywylas.pl\/index.php?rest_route=%2Fwp%2Fv2%2Fcomments&post=26"}],"version-history":[{"count":33,"href":"https:\/\/krzywylas.pl\/index.php?rest_route=\/wp\/v2\/pages\/26\/revisions"}],"predecessor-version":[{"id":545,"href":"https:\/\/krzywylas.pl\/index.php?rest_route=\/wp\/v2\/pages\/26\/revisions\/545"}],"wp:attachment":[{"href":"https:\/\/krzywylas.pl\/index.php?rest_route=%2Fwp%2Fv2%2Fmedia&parent=26"}],"curies":[{"name":"wp","href":"https:\/\/api.w.org\/{rel}","templated":true}]}}